{"id":106,"date":"2016-03-09T11:50:27","date_gmt":"2016-03-09T11:50:27","guid":{"rendered":"http:\/\/executivelifedesign.com\/de\/?page_id=106"},"modified":"2019-10-06T16:40:43","modified_gmt":"2019-10-06T15:40:43","slug":"home","status":"publish","type":"page","link":"https:\/\/executivelifedesign.com\/de\/","title":{"rendered":"Home"},"content":{"rendered":"<div id='layer_slider_1' class='avia-layerslider main_color avia-shadow  container_wrap sidebar_right'    style='height: 869px;' >\n<div id=\"rev_slider_1_1_wrapper\" class=\"rev_slider_wrapper fullscreen-container\" data-source=\"gallery\" style=\"background:transparent;padding:0px;\">\n<!-- START REVOLUTION SLIDER 5.4.1 fullscreen mode -->\n\t<div id=\"rev_slider_1_1\" class=\"rev_slider fullscreenbanner\" style=\"display:none;\" data-version=\"5.4.1\">\n<ul>\t<!-- SLIDE  -->\n\t<li data-index=\"rs-1\" data-transition=\"fade\" data-slotamount=\"default\" data-hideafterloop=\"0\" data-hideslideonmobile=\"off\"  data-easein=\"default\" data-easeout=\"default\" data-masterspeed=\"300\"  data-rotate=\"0\"  data-saveperformance=\"off\"  data-title=\"Slide\" data-param1=\"\" data-param2=\"\" data-param3=\"\" data-param4=\"\" data-param5=\"\" data-param6=\"\" data-param7=\"\" data-param8=\"\" data-param9=\"\" data-param10=\"\" data-description=\"\">\n\t\t<!-- MAIN IMAGE -->\n\t\t<img src=\"https:\/\/executivelifedesign.com\/wp-content\/uploads\/2016\/02\/WinterMountains-2.jpg\"  alt=\"\" title=\"WinterMountains\"  width=\"2714\" height=\"1811\" data-bgposition=\"center center\" data-bgfit=\"cover\" data-bgrepeat=\"no-repeat\" data-bgparallax=\"4\" class=\"rev-slidebg\" data-no-retina>\n\t\t<!-- LAYERS -->\n\n\t\t<!-- LAYER NR. 1 -->\n\t\t<div class=\"tp-caption tp-shape tp-shapewrapper  tp-resizeme\" \n\t\t\t id=\"slide-1-layer-2\" \n\t\t\t data-x=\"center\" data-hoffset=\"\" \n\t\t\t data-y=\"498\" \n\t\t\t\t\t\tdata-width=\"['4000']\"\n\t\t\tdata-height=\"['110']\"\n \n\t\t\tdata-type=\"shape\" \n\t\t\tdata-responsive_offset=\"on\" \n\n\t\t\tdata-frames='[{\"delay\":500,\"speed\":600,\"frame\":\"0\",\"from\":\"x:-2000px;opacity:0;\",\"to\":\"o:1;\",\"ease\":\"Power2.easeInOut\"},{\"delay\":\"wait\",\"speed\":300,\"frame\":\"999\",\"to\":\"opacity:0;\",\"ease\":\"nothing\"}]'\n\t\t\tdata-textAlign=\"['left','left','left','left']\"\n\t\t\tdata-paddingtop=\"[0,0,0,0]\"\n\t\t\tdata-paddingright=\"[0,0,0,0]\"\n\t\t\tdata-paddingbottom=\"[0,0,0,0]\"\n\t\t\tdata-paddingleft=\"[0,0,0,0]\"\n\n\t\t\tstyle=\"z-index: 5;background-color:rgba(57, 46, 105, 1);\"> <\/div>\n\n\t\t<!-- LAYER NR. 2 -->\n\t\t<div class=\"tp-caption   tp-resizeme\" \n\t\t\t id=\"slide-1-layer-3\" \n\t\t\t data-x=\"10\" \n\t\t\t data-y=\"419\" \n\t\t\t\t\t\tdata-width=\"['none','none','none','none']\"\n\t\t\tdata-height=\"['none','none','none','none']\"\n \n\t\t\tdata-type=\"image\" \n\t\t\tdata-responsive_offset=\"on\" \n\n\t\t\tdata-frames='[{\"delay\":500,\"speed\":300,\"frame\":\"0\",\"from\":\"opacity:0;\",\"to\":\"o:1;\",\"ease\":\"Power2.easeInOut\"},{\"delay\":\"wait\",\"speed\":300,\"frame\":\"999\",\"to\":\"opacity:0;\",\"ease\":\"nothing\"}]'\n\t\t\tdata-textAlign=\"['left','left','left','left']\"\n\t\t\tdata-paddingtop=\"[0,0,0,0]\"\n\t\t\tdata-paddingright=\"[0,0,0,0]\"\n\t\t\tdata-paddingbottom=\"[0,0,0,0]\"\n\t\t\tdata-paddingleft=\"[0,0,0,0]\"\n\n\t\t\tstyle=\"z-index: 6;\"><img src=\"https:\/\/executivelifedesign.com\/wp-content\/uploads\/2016\/03\/LogoBig.png\" alt=\"\" data-ww=\"450px\" data-hh=\"287px\" width=\"450\" height=\"287\" data-no-retina> <\/div>\n\n\t\t<!-- LAYER NR. 3 -->\n\t\t<h3 class=\"tp-caption   tp-resizeme\" \n\t\t\t id=\"slide-1-layer-4\" \n\t\t\t data-x=\"right\" data-hoffset=\"10\" \n\t\t\t data-y=\"571\" \n\t\t\t\t\t\tdata-width=\"['393']\"\n\t\t\tdata-height=\"['']\"\n \n\t\t\tdata-type=\"text\" \n\t\t\tdata-responsive_offset=\"on\" \n\n\t\t\tdata-frames='[{\"delay\":500,\"speed\":300,\"frame\":\"0\",\"from\":\"opacity:0;\",\"to\":\"o:1;\",\"ease\":\"Power2.easeInOut\"},{\"delay\":\"wait\",\"speed\":300,\"frame\":\"999\",\"to\":\"opacity:0;\",\"ease\":\"nothing\"}]'\n\t\t\tdata-textAlign=\"['right','right','right','right']\"\n\t\t\tdata-paddingtop=\"[0,0,0,0]\"\n\t\t\tdata-paddingright=\"[0,0,0,0]\"\n\t\t\tdata-paddingbottom=\"[0,0,0,0]\"\n\t\t\tdata-paddingleft=\"[0,0,0,0]\"\n\n\t\t\tstyle=\"z-index: 7; min-width: 393px; max-width: 393px; max-width: px; max-width: px; white-space: normal; font-size: 20px; line-height: 22px; font-weight: 200; color: rgba(255,255,255,1); letter-spacing: px;font-family:Helvetia Neue;\">Executive and Life Coaching <\/h3>\n\t<\/li>\n<\/ul>\n<div class=\"tp-bannertimer tp-bottom\" style=\"visibility: hidden !important;\"><\/div>\t<\/div>\n<script>var htmlDiv = document.getElementById(\"rs-plugin-settings-inline-css\"); var htmlDivCss=\"\";\r\n\t\t\t\tif(htmlDiv) {\r\n\t\t\t\t\thtmlDiv.innerHTML = htmlDiv.innerHTML + htmlDivCss;\r\n\t\t\t\t}else{\r\n\t\t\t\t\tvar htmlDiv = document.createElement(\"div\");\r\n\t\t\t\t\thtmlDiv.innerHTML = \"<style>\" + htmlDivCss + \"<\/style>\";\r\n\t\t\t\t\tdocument.getElementsByTagName(\"head\")[0].appendChild(htmlDiv.childNodes[0]);\r\n\t\t\t\t}\r\n\t\t\t<\/script>\n\t\t<script type=\"text\/javascript\">\r\n\t\t\t\t\t\t\/******************************************\r\n\t\t\t\t-\tPREPARE PLACEHOLDER FOR SLIDER\t-\r\n\t\t\t******************************************\/\r\n\r\n\t\t\tvar setREVStartSize=function(){\r\n\t\t\t\ttry{var e=new Object,i=jQuery(window).width(),t=9999,r=0,n=0,l=0,f=0,s=0,h=0;\r\n\t\t\t\t\te.c = jQuery('#rev_slider_1_1');\r\n\t\t\t\t\te.gridwidth = [1240];\r\n\t\t\t\t\te.gridheight = [868];\r\n\t\t\t\t\t\t\t\r\n\t\t\t\t\te.sliderLayout = \"fullscreen\";\r\n\t\t\t\t\te.fullScreenAutoWidth='off';\r\n\t\t\t\t\te.fullScreenAlignForce='off';\r\n\t\t\t\t\te.fullScreenOffsetContainer= '';\r\n\t\t\t\t\te.fullScreenOffset='';\r\n\t\t\t\t\tif(e.responsiveLevels&&(jQuery.each(e.responsiveLevels,function(e,f){f>i&&(t=r=f,l=e),i>f&&f>r&&(r=f,n=e)}),t>r&&(l=n)),f=e.gridheight[l]||e.gridheight[0]||e.gridheight,s=e.gridwidth[l]||e.gridwidth[0]||e.gridwidth,h=i\/s,h=h>1?1:h,f=Math.round(h*f),\"fullscreen\"==e.sliderLayout){var u=(e.c.width(),jQuery(window).height());if(void 0!=e.fullScreenOffsetContainer){var c=e.fullScreenOffsetContainer.split(\",\");if (c) jQuery.each(c,function(e,i){u=jQuery(i).length>0?u-jQuery(i).outerHeight(!0):u}),e.fullScreenOffset.split(\"%\").length>1&&void 0!=e.fullScreenOffset&&e.fullScreenOffset.length>0?u-=jQuery(window).height()*parseInt(e.fullScreenOffset,0)\/100:void 0!=e.fullScreenOffset&&e.fullScreenOffset.length>0&&(u-=parseInt(e.fullScreenOffset,0))}f=u}else void 0!=e.minHeight&&f<e.minHeight&&(f=e.minHeight);e.c.closest(\".rev_slider_wrapper\").css({height:f})\r\n\t\t\t\t\t\r\n\t\t\t\t}catch(d){console.log(\"Failure at Presize of Slider:\"+d)}\r\n\t\t\t};\r\n\t\t\t\r\n\t\t\tsetREVStartSize();\r\n\t\t\t\r\n\t\t\t\t\t\tvar tpj=jQuery;\r\n\t\t\t\r\n\t\t\tvar revapi1;\r\n\t\t\ttpj(document).ready(function() {\n\t\t\t\tif(tpj(\"#rev_slider_1_1\").revolution == undefined){\n\t\t\t\t\trevslider_showDoubleJqueryError(\"#rev_slider_1_1\");\n\t\t\t\t}else{\n\t\t\t\t\trevapi1 = tpj(\"#rev_slider_1_1\").show().revolution({\n\t\t\t\t\t\tsliderType:\"hero\",\njsFileLocation:\"\/\/executivelifedesign.com\/wp-content\/plugins\/revslider\/public\/assets\/js\/\",\n\t\t\t\t\t\tsliderLayout:\"fullscreen\",\n\t\t\t\t\t\tdottedOverlay:\"none\",\n\t\t\t\t\t\tdelay:9000,\n\t\t\t\t\t\tnavigation: {\n\t\t\t\t\t\t},\n\t\t\t\t\t\tvisibilityLevels:[1240,1024,778,480],\n\t\t\t\t\t\tgridwidth:1240,\n\t\t\t\t\t\tgridheight:868,\n\t\t\t\t\t\tlazyType:\"none\",\n\t\t\t\t\t\tparallax: {\n\t\t\t\t\t\t\ttype:\"mouse\",\n\t\t\t\t\t\t\torigo:\"enterpoint\",\n\t\t\t\t\t\t\tspeed:400,\n\t\t\t\t\t\t\tlevels:[5,10,15,20,25,30,35,40,45,46,47,48,49,50,51,55],\n\t\t\t\t\t\t},\n\t\t\t\t\t\tshadow:0,\n\t\t\t\t\t\tspinner:\"spinner0\",\n\t\t\t\t\t\tautoHeight:\"off\",\n\t\t\t\t\t\tfullScreenAutoWidth:\"off\",\n\t\t\t\t\t\tfullScreenAlignForce:\"off\",\n\t\t\t\t\t\tfullScreenOffsetContainer: \"\",\n\t\t\t\t\t\tfullScreenOffset: \"\",\n\t\t\t\t\t\tdisableProgressBar:\"on\",\n\t\t\t\t\t\thideThumbsOnMobile:\"off\",\n\t\t\t\t\t\thideSliderAtLimit:0,\n\t\t\t\t\t\thideCaptionAtLimit:0,\n\t\t\t\t\t\thideAllCaptionAtLilmit:0,\n\t\t\t\t\t\tdebugMode:false,\n\t\t\t\t\t\tfallbacks: {\n\t\t\t\t\t\t\tsimplifyAll:\"off\",\n\t\t\t\t\t\t\tdisableFocusListener:false,\n\t\t\t\t\t\t}\n\t\t\t\t\t});\n\t\t\t\t}\n\t\t\t});\t\/*ready*\/\n\t\t<\/script>\r\n\t\t<\/div><!-- END REVOLUTION SLIDER --><\/div>\n<\/div><\/div><\/div><!-- close content main div --><\/div><\/div><div id='uber-sie' class='avia-section main_color avia-section-default avia-no-shadow avia-bg-style-scroll  container_wrap sidebar_right'   ><div class='container' ><div class='template-page content  av-content-small alpha units'><div class='post-entry post-entry-type-page post-entry-106'><div class='entry-content-wrapper clearfix'>\n<div class=\"flex_column av_one_half  av-animated-generic left-to-right  flex_column_div av-zero-column-padding first  \" style='border-radius:0px; '><div class='avia-image-container  av-styling-   avia-align-center '  itemscope=\"itemscope\" itemtype=\"https:\/\/schema.org\/ImageObject\"  ><div class='avia-image-container-inner'><img class='avia_image ' src='https:\/\/executivelifedesign.com\/wp-content\/uploads\/2016\/02\/Question-1.jpg' alt='' title='Question'   itemprop=\"thumbnailUrl\"  \/><\/div><\/div><\/div><div class=\"flex_column av_one_half  av-animated-generic right-to-left  flex_column_div av-zero-column-padding   \" style='border-radius:0px; '><p><div style='padding-bottom:10px;' class='av-special-heading av-special-heading-h2  blockquote modern-quote  '><h2 class='av-special-heading-tag'  itemprop=\"headline\"  >\u00dcber Sie<\/h2><div class='special-heading-border'><div class='special-heading-inner-border' ><\/div><\/div><\/div><br \/>\n<section class=\"av_textblock_section\"  itemscope=\"itemscope\" itemtype=\"https:\/\/schema.org\/CreativeWork\" ><div class='avia_textblock '   itemprop=\"text\" ><p><strong>Sie sind ganz oben angekommen. <\/strong><br \/>\n<strong>Sie sind mit Ihrem Erfolg zufrieden.<\/strong><\/p>\n<p>Und trotzdem fehlt etwas. Belastet durch \u00e4ussere Zw\u00e4nge und Erwartungshaltungen, fremdbestimmt und eingeengt im Rollenspiel Ihrer Funktionen \u2013 beruflich wie privat \u2013 m\u00f6chten Sie eine Vertrauensperson an Ihrer Seite haben, mit welcher Sie sich auf gleicher Augenh\u00f6he austauschen k\u00f6nnen.<\/p>\n<p>Wenn Sie zum Top-Management geh\u00f6ren, offen sind f\u00fcr die Auseinandersetzung mit sich selbst und gewillt, Ihren Lebensentwurf zu \u00fcberdenken, dann ist Executive Life Design das Richtige f\u00fcr Sie.<\/p>\n<p>Susanne Bo\u00ebthius, Dipl. Analytische Psychologin C.G. Jung Institut, begleitet Sie in Executive Life Design-Gespr\u00e4chsrunden gem\u00e4ss Ihrer Zielsetzung. Ihre Themen werden diskutiert und pers\u00f6nliche Optimierungsm\u00f6glichkeiten definiert.<\/p>\n<p>Im Rahmen von Life Design-Modulen werden verschiedene Face-to-Face Termine vereinbart. Zus\u00e4tzliche Austauschm\u00f6glichkeiten per Mail, Skype oder Telefon sind m\u00f6glich.<\/p>\n<p>M\u00f6gliche Themenfelder:<\/p>\n<ul>\n<li>Pers\u00f6nliche Entwicklung<\/li>\n<li>Work-Life-Balance<\/li>\n<li>Stressmanagement<\/li>\n<\/ul>\n<\/div><\/section><\/p><\/div><\/div><\/div><\/div><!-- close content main div --><\/div><\/div><div id='after_section_1' class='main_color av_default_container_wrap container_wrap sidebar_right'   ><div class='container' ><div class='template-page content  av-content-small alpha units'><div class='post-entry post-entry-type-page post-entry-106'><div class='entry-content-wrapper clearfix'><\/div><\/div><\/div><!-- close content main div --><\/div><\/div><div id='life-design' class='avia-section alternate_color avia-section-default avia-no-shadow av-parallax-section avia-bg-style-parallax  av-minimum-height av-minimum-height-50 container_wrap sidebar_right'  data-section-bg-repeat='no-repeat' ><div class='av-parallax' data-avia-parallax-ratio='0.3' ><div class='av-parallax-inner alternate_color  avia-full-stretch' style = 'background-repeat: no-repeat; background-image: url(https:\/\/executivelifedesign.com\/wp-content\/uploads\/2016\/02\/Client.jpg); background-attachment: scroll; background-position: center right; ' ><\/div><\/div><div class='container' ><div class='template-page content  av-content-small alpha units'><div class='post-entry post-entry-type-page post-entry-106'><div class='entry-content-wrapper clearfix'>\n<div class=\"flex_column av_one_half  flex_column_div av-zero-column-padding first  \" style='border-radius:0px; '><\/div><div class=\"flex_column av_one_half  av-animated-generic right-to-left  flex_column_div av-zero-column-padding   \" style='border-radius:0px; '><p><div style='padding-bottom:10px;' class='av-special-heading av-special-heading-h2  blockquote modern-quote  '><h2 class='av-special-heading-tag'  itemprop=\"headline\"  >Life Design<\/h2><div class='special-heading-border'><div class='special-heading-inner-border' ><\/div><\/div><\/div><br \/>\n<section class=\"av_textblock_section\"  itemscope=\"itemscope\" itemtype=\"https:\/\/schema.org\/CreativeWork\" ><div class='avia_textblock '   itemprop=\"text\" ><p><strong>Ist Ihr pers\u00f6nlicher Lebensentwurf sinnbildend, ausgeglichen, inspirierend und lebensbejahend? Entspricht Ihre aktuelle Lebensqualit\u00e4t dem, was Sie sich erhoffen?\u00a0<\/strong><\/p>\n<p>Susanne Bo\u00ebthius \u2013 Executive Life Design begleitet Sie beim n\u00e4chsten Schritt zu mehr Lebenssinn und innerer Zufriedenheit. Dank Austausch, Diskussionen, Aufzeigen von Perspektiven und Handlungsoptionen. Individuell und massgeschneidert, wann und so oft Sie es w\u00fcnschen. Ziel ist, Ihr Leben so zu gestalten, dass Beruf, Familie, Freunde, Freizeit und Gesundheit als Ganzes im Gleichgewicht liegen.<\/p>\n<\/div><\/section><\/p><\/div>\n<\/div><\/div><\/div><!-- close content main div --><\/div><\/div><div id='after_section_2' class='main_color av_default_container_wrap container_wrap sidebar_right'   ><div class='container' ><div class='template-page content  av-content-small alpha units'><div class='post-entry post-entry-type-page post-entry-106'><div class='entry-content-wrapper clearfix'><\/p>\n<\/div><\/div><\/div><!-- close content main div --><\/div><\/div><div id='uber-mich' class='avia-section main_color avia-section-default avia-no-shadow avia-bg-style-scroll  container_wrap sidebar_right'   ><div class='container' ><div class='template-page content  av-content-small alpha units'><div class='post-entry post-entry-type-page post-entry-106'><div class='entry-content-wrapper clearfix'>\n<div class=\"flex_column av_one_half  av-animated-generic left-to-right  flex_column_div av-zero-column-padding first  \" style='border-radius:0px; '><p><div style='padding-bottom:10px;' class='av-special-heading av-special-heading-h2  blockquote modern-quote  '><h2 class='av-special-heading-tag'  itemprop=\"headline\"  >\u00dcber Mich<\/h2><div class='special-heading-border'><div class='special-heading-inner-border' ><\/div><\/div><\/div><br \/>\n<section class=\"av_textblock_section\"  itemscope=\"itemscope\" itemtype=\"https:\/\/schema.org\/CreativeWork\" ><div class='avia_textblock '   itemprop=\"text\" ><h3>Susanne Bo\u00ebthius<\/h3>\n<p>Dipl. Analytische Psychologin, C.G. Jung Institut K\u00fcsnacht<br \/>\nBusiness Management Certifikat NbW Z\u00fcrich<\/p>\n<\/div><\/section><br \/>\n<div class='avia-icon-list-container '><ul class='avia-icon-list avia-icon-list-left av-iconlist-big avia_animate_when_almost_visible'>\n<li><div  class='iconlist_icon  avia-font-entypo-fontello'><span class='iconlist-char' aria-hidden='true' data-av_icon='\ue80b' data-av_iconfont='entypo-fontello'><\/span><\/div><article class=\"article-icon-entry \"  itemscope=\"itemscope\" itemtype=\"https:\/\/schema.org\/CreativeWork\" ><div class='iconlist_content_wrap'><header class=\"entry-content-header\"><h4 class='av_iconlist_title iconlist_title '  itemprop=\"headline\"  >23 Jahre<\/h4><\/header><div class='iconlist_content '  itemprop=\"text\"  ><p>Seit 23 Jahren eigene Praxis f\u00fcr Analytische Psychologie, Kurzzeit\/Krisenintervention, Traumatherapie, EMDR, Lebensberatung, Coaching, Kommunikation, Konfliktbew\u00e4ltigung, Managementberatung, Paarberatung, interkulturelle\/ExPat Themen etc.<\/p>\n<\/div><\/div><footer class=\"entry-footer\"><\/footer><\/article><div class='iconlist-timeline'><\/div><\/li>\n<li><div  class='iconlist_icon  avia-font-entypo-fontello'><span class='iconlist-char' aria-hidden='true' data-av_icon='\ue8bb' data-av_iconfont='entypo-fontello'><\/span><\/div><article class=\"article-icon-entry \"  itemscope=\"itemscope\" itemtype=\"https:\/\/schema.org\/CreativeWork\" ><div class='iconlist_content_wrap'><header class=\"entry-content-header\"><h4 class='av_iconlist_title iconlist_title '  itemprop=\"headline\"  >12 Jahre<\/h4><\/header><div class='iconlist_content '  itemprop=\"text\"  ><p>Clinical Services Director, ICAS Schweiz AG Wallisellen<\/p>\n<\/div><\/div><footer class=\"entry-footer\"><\/footer><\/article><div class='iconlist-timeline'><\/div><\/li>\n<li><div  class='iconlist_icon  avia-font-entypo-fontello'><span class='iconlist-char' aria-hidden='true' data-av_icon='\ue8ad' data-av_iconfont='entypo-fontello'><\/span><\/div><article class=\"article-icon-entry \"  itemscope=\"itemscope\" itemtype=\"https:\/\/schema.org\/CreativeWork\" ><div class='iconlist_content_wrap'><header class=\"entry-content-header\"><h4 class='av_iconlist_title iconlist_title '  itemprop=\"headline\"  >International<\/h4><\/header><div class='iconlist_content '  itemprop=\"text\"  ><p>Mehrere internationale Eins\u00e4tze nach Katastrophen\/Unf\u00e4llen<\/p>\n<\/div><\/div><footer class=\"entry-footer\"><\/footer><\/article><div class='iconlist-timeline'><\/div><\/li>\n<li><div  class='iconlist_icon  avia-font-entypo-fontello'><span class='iconlist-char' aria-hidden='true' data-av_icon='\ue8c0' data-av_iconfont='entypo-fontello'><\/span><\/div><article class=\"article-icon-entry \"  itemscope=\"itemscope\" itemtype=\"https:\/\/schema.org\/CreativeWork\" ><div class='iconlist_content_wrap'><header class=\"entry-content-header\"><h4 class='av_iconlist_title iconlist_title '  itemprop=\"headline\"  >Interessen<\/h4><\/header><div class='iconlist_content '  itemprop=\"text\"  ><p style=\"text-align: justify;\">Kunst, Malen, H\u00e4user\/Einrichtungen, Reisen, Musik, Autos, Sport (Ski, Golf, Pilates, Tanz)<\/p>\n<\/div><\/div><footer class=\"entry-footer\"><\/footer><\/article><div class='iconlist-timeline'><\/div><\/li>\n<li><div  class='iconlist_icon  avia-font-entypo-fontello'><span class='iconlist-char' aria-hidden='true' data-av_icon='\ue8b1' data-av_iconfont='entypo-fontello'><\/span><\/div><article class=\"article-icon-entry \"  itemscope=\"itemscope\" itemtype=\"https:\/\/schema.org\/CreativeWork\" ><div class='iconlist_content_wrap'><header class=\"entry-content-header\"><h4 class='av_iconlist_title iconlist_title '  itemprop=\"headline\"  >Sprachen<\/h4><\/header><div class='iconlist_content '  itemprop=\"text\"  ><p>Life Design-Gespr\u00e4chsrunden in Deutsch, Englisch, Schwedisch, Norwegisch, D\u00e4nisch und Franz\u00f6sisch<\/p>\n<\/div><\/div><footer class=\"entry-footer\"><\/footer><\/article><div class='iconlist-timeline'><\/div><\/li>\n<\/ul><\/div><\/p><\/div><div class=\"flex_column av_one_half  av-animated-generic right-to-left  flex_column_div av-zero-column-padding   \" style='border-radius:0px; '><div class='avia-image-container  av-styling-   avia-align-left '  itemscope=\"itemscope\" itemtype=\"https:\/\/schema.org\/ImageObject\"  ><div class='avia-image-container-inner'><img class='avia_image ' src='https:\/\/executivelifedesign.com\/wp-content\/uploads\/2019\/10\/DSCF6086-687x1030.jpg' alt='' title='DSCF6086'   itemprop=\"thumbnailUrl\"  \/><\/div><\/div><\/div>\n<\/div><\/div><\/div><!-- close content main div --><\/div><\/div><div id='after_section_3' class='main_color av_default_container_wrap container_wrap sidebar_right'   ><div class='container' ><div class='template-page content  av-content-small alpha units'><div class='post-entry post-entry-type-page post-entry-106'><div class='entry-content-wrapper clearfix'>\n<\/div><\/div><\/div><!-- close content main div --><\/div><\/div><div id='av_section_4' class='avia-section main_color avia-section-default avia-no-border-styling avia-full-stretch av-parallax-section avia-bg-style-parallax  av-minimum-height av-minimum-height-75 container_wrap sidebar_right'  data-section-bg-repeat='stretch' ><div class='av-parallax' data-avia-parallax-ratio='0.3' ><div class='av-parallax-inner main_color  avia-full-stretch' style = 'background-repeat: no-repeat; background-image: url(https:\/\/executivelifedesign.com\/wp-content\/uploads\/2016\/02\/Zurich-1030x684.jpg); background-attachment: scroll; background-position: top left; ' ><\/div><\/div><div class='container' ><div class='template-page content  av-content-small alpha units'><div class='post-entry post-entry-type-page post-entry-106'><div class='entry-content-wrapper clearfix'><\/div><\/div><\/div><!-- close content main div --><\/div><\/div><div id='after_section_4' class='main_color av_default_container_wrap container_wrap sidebar_right'   ><div class='container' ><div class='template-page content  av-content-small alpha units'><div class='post-entry post-entry-type-page post-entry-106'><div class='entry-content-wrapper clearfix'>\n<\/div><\/div><\/div><!-- close content main div --><\/div><\/div><div id='kontakt' class='avia-section main_color avia-section-default avia-no-shadow avia-bg-style-scroll  container_wrap sidebar_right'   ><div class='container' ><div class='template-page content  av-content-small alpha units'><div class='post-entry post-entry-type-page post-entry-106'><div class='entry-content-wrapper clearfix'>\n<div class=\"flex_column av_one_half  av-animated-generic left-to-right  flex_column_div av-zero-column-padding first  \" style='border-radius:0px; '><p><div class='avia-image-container  av-styling-   avia-align-left '  itemscope=\"itemscope\" itemtype=\"https:\/\/schema.org\/ImageObject\"  ><div class='avia-image-container-inner'><img class='avia_image ' src='https:\/\/executivelifedesign.com\/wp-content\/uploads\/2019\/10\/DSCF6299-Edit-300x200.jpg' alt='' title='DSCF6299-Edit'   itemprop=\"thumbnailUrl\"  \/><\/div><\/div><br \/>\n<div style='height:10px' class='hr hr-invisible '><span class='hr-inner ' ><span class='hr-inner-style'><\/span><\/span><\/div><br \/>\n<div style='padding-bottom:10px;' class='av-special-heading av-special-heading-h2  blockquote modern-quote  '><h2 class='av-special-heading-tag'  itemprop=\"headline\"  >Kontakt<\/h2><div class='special-heading-border'><div class='special-heading-inner-border' ><\/div><\/div><\/div><br \/>\n<section class=\"av_textblock_section\"  itemscope=\"itemscope\" itemtype=\"https:\/\/schema.org\/CreativeWork\" ><div class='avia_textblock '   itemprop=\"text\" ><p>Wenn Sie sich f\u00fcr ein Coaching interessieren oder weitere Informationen erhalten m\u00f6chten,\u00a0verwenden bitte Sie das folgende Formular. Ihre Angaben werden\u00a0h\u00f6chst vertraulich behandelst und das Formular ist mit SSL gesch\u00fctzt.<\/p>\n<h3>Impressum<\/h3>\n<p>Susanne Bo\u00ebthius<br \/>\nArosatrasse 1<br \/>\nCH-8008 Z\u00fcrich<br \/>\nSchweiz<\/p>\n<p><a href=\"tel:+41 79 667 81 47\">+41 79 667 81 47<\/a><br \/>\n<a href=\"mailto:boethius@executivelifedesign.com\">boethius@executivelifedesign.com<\/a><\/p>\n<h3><\/h3>\n<\/div><\/section><\/p><\/div><div class=\"flex_column av_one_half  av-animated-generic right-to-left  flex_column_div av-zero-column-padding   \" style='border-radius:0px; '><form action=\"https:\/\/executivelifedesign.com\/de\/\" method=\"post\"  class=\"avia_ajax_form av-form-labels-visible   \" data-avia-form-id=\"1\" data-avia-redirect=''><fieldset><h3>Kontaktformular<\/h3><p class=' first_form  form_element form_element_half' id='element_avia_1_1'><label for=\"avia_1_1\">Name <abbr class=\"required\" title=\"required\">*<\/abbr><\/label> <input name=\"avia_1_1\" class=\"text_input is_empty\" type=\"text\" id=\"avia_1_1\" value=\"\" \/><\/p><p class=' form_element form_element_half' id='element_avia_2_1'><label for=\"avia_2_1\">Telefon<\/label> <input name=\"avia_2_1\" class=\"text_input \" type=\"text\" id=\"avia_2_1\" value=\"\" \/><\/p><p class=' first_form  form_element form_element_half' id='element_avia_3_1'><label for=\"avia_3_1\">E-Mail <abbr class=\"required\" title=\"required\">*<\/abbr><\/label> <input name=\"avia_3_1\" class=\"text_input is_email\" type=\"text\" id=\"avia_3_1\" value=\"\" \/><\/p><p class=' form_element form_element_half' id='element_avia_4_1'><label for=\"avia_4_1\">Ort<\/label> <input name=\"avia_4_1\" class=\"text_input \" type=\"text\" id=\"avia_4_1\" value=\"\" \/><\/p><p class=' first_form  form_element form_element_half' id='element_avia_5_1'><label for=\"avia_5_1\">Sprache<\/label> <input name=\"avia_5_1\" class=\"text_input \" type=\"text\" id=\"avia_5_1\" value=\"\" \/><\/p><p class=' form_element form_element_half' id='element_avia_6_1'><label for=\"avia_6_1\">Position<\/label> <input name=\"avia_6_1\" class=\"text_input \" type=\"text\" id=\"avia_6_1\" value=\"\" \/><\/p><p class=' first_form  form_element form_fullwidth av-last-visible-form-element' id='element_avia_7_1'>\t <label for=\"avia_7_1\" class=\"textare_label hidden textare_label_avia_7_1\">Mitteiliung <abbr class=\"required\" title=\"required\">*<\/abbr><\/label>\t <textarea  name=\"avia_7_1\" class=\"text_area is_empty\" cols=\"40\" rows=\"7\" id=\"avia_7_1\" ><\/textarea><\/p><p class=\"hidden\"><input type=\"text\" name=\"avia_8_1\" class=\"hidden \" id=\"avia_8_1\" value=\"\" \/><\/p><p class=\"form_element \"><input type=\"hidden\" value=\"1\" name=\"avia_generated_form1\" \/><input type=\"submit\" value=\"Absenden\" class=\"button\"  data-sending-label=\"Sending\"\/><\/p><\/fieldset><\/form><div id=\"ajaxresponse_1\" class=\"ajaxresponse ajaxresponse_1 hidden\"><\/div><\/div>\n<\/div><\/div><\/div><!-- close content main div --><\/div><\/div><div id='after_section_5' class='main_color av_default_container_wrap container_wrap sidebar_right'   ><div class='container' ><div class='template-page content  av-content-small alpha units'><div class='post-entry post-entry-type-page post-entry-106'><div class='entry-content-wrapper clearfix'>\n","protected":false},"excerpt":{"rendered":"","protected":false},"author":1,"featured_media":0,"parent":0,"menu_order":3,"comment_status":"closed","ping_status":"closed","template":"","meta":[],"_links":{"self":[{"href":"https:\/\/executivelifedesign.com\/de\/wp-json\/wp\/v2\/pages\/106\/"}],"collection":[{"href":"https:\/\/executivelifedesign.com\/de\/wp-json\/wp\/v2\/pages\/"}],"about":[{"href":"https:\/\/executivelifedesign.com\/de\/wp-json\/wp\/v2\/types\/page\/"}],"author":[{"embeddable":true,"href":"https:\/\/executivelifedesign.com\/de\/wp-json\/wp\/v2\/users\/1\/"}],"replies":[{"embeddable":true,"href":"https:\/\/executivelifedesign.com\/de\/wp-json\/wp\/v2\/comments\/?post=106"}],"version-history":[{"count":16,"href":"https:\/\/executivelifedesign.com\/de\/wp-json\/wp\/v2\/pages\/106\/revisions\/"}],"predecessor-version":[{"id":180,"href":"https:\/\/executivelifedesign.com\/de\/wp-json\/wp\/v2\/pages\/106\/revisions\/180\/"}],"wp:attachment":[{"href":"https:\/\/executivelifedesign.com\/de\/wp-json\/wp\/v2\/media\/?parent=106"}],"curies":[{"name":"wp","href":"https:\/\/api.w.org\/{rel}","templated":true}]}}